{"id":100,"date":"2020-01-31T16:48:52","date_gmt":"2020-01-31T15:48:52","guid":{"rendered":"http:\/\/thomasjsitar.com\/?page_id=100"},"modified":"2020-02-12T15:47:34","modified_gmt":"2020-02-12T14:47:34","slug":"cours","status":"publish","type":"page","link":"https:\/\/thomasjsitar.com\/index.php\/cours\/","title":{"rendered":"Cours"},"content":{"rendered":"\n<figure class=\"wp-block-image size-large\"><img loading=\"lazy\" decoding=\"async\" width=\"1024\" height=\"610\" src=\"http:\/\/thomasjsitar.com\/wp-content\/uploads\/2020\/02\/Sitar_art-1024x610.jpg\" alt=\"\" class=\"wp-image-218\" srcset=\"https:\/\/thomasjsitar.com\/wp-content\/uploads\/2020\/02\/Sitar_art-1024x610.jpg 1024w, https:\/\/thomasjsitar.com\/wp-content\/uploads\/2020\/02\/Sitar_art-300x179.jpg 300w, https:\/\/thomasjsitar.com\/wp-content\/uploads\/2020\/02\/Sitar_art-768x458.jpg 768w, https:\/\/thomasjsitar.com\/wp-content\/uploads\/2020\/02\/Sitar_art.jpg 1200w\" sizes=\"auto, (max-width: 1024px) 100vw, 1024px\" \/><\/figure>\n\n\n<p class=\"fonts-plugin-block \" style=\"font-family: Amiri;font-size: 18px;text-align: center\">Thomas enseigne \u00e0 son domicile ainsi que par skype en cours particuliers. <br>Des <a href=\"https:\/\/conservatoire.nantes.fr\/home\/musique\/adultes-et-amateurs\/instrumentales\/extras.html\">ateliers de musique \u00ab\u00a0extra-europ\u00e9ennes\u00a0\u00bb<\/a> sont \u00e9galement anim\u00e9s au Conservatoire de Nantes.<br>Pour plus d&rsquo;informations merci d&rsquo;\u00e9crire \u00e0 <a href=\"mailto:contact@thomasjsitar.com\">contact@thomasjsitar.com<\/a><\/p>\n\n\n<figure class=\"wp-block-image size-large\"><img loading=\"lazy\" decoding=\"async\" width=\"1024\" height=\"768\" src=\"http:\/\/thomasjsitar.com\/wp-content\/uploads\/2020\/02\/Photo-conservatoire-1024x768.jpg\" alt=\"\" class=\"wp-image-316\" srcset=\"https:\/\/thomasjsitar.com\/wp-content\/uploads\/2020\/02\/Photo-conservatoire-1024x768.jpg 1024w, https:\/\/thomasjsitar.com\/wp-content\/uploads\/2020\/02\/Photo-conservatoire-300x225.jpg 300w, https:\/\/thomasjsitar.com\/wp-content\/uploads\/2020\/02\/Photo-conservatoire-768x576.jpg 768w, https:\/\/thomasjsitar.com\/wp-content\/uploads\/2020\/02\/Photo-conservatoire-1536x1152.jpg 1536w, https:\/\/thomasjsitar.com\/wp-content\/uploads\/2020\/02\/Photo-conservatoire.jpg 2016w\" sizes=\"auto, (max-width: 1024px) 100vw, 1024px\" \/><\/figure>\n","protected":false},"excerpt":{"rendered":"","protected":false},"author":1,"featured_media":0,"parent":0,"menu_order":5,"comment_status":"closed","ping_status":"closed","template":"templates\/full-width.php","meta":{"_exactmetrics_skip_tracking":false,"_exactmetrics_sitenote_active":false,"_exactmetrics_sitenote_note":"","_exactmetrics_sitenote_category":0,"footnotes":""},"class_list":["post-100","page","type-page","status-publish","hentry","entry"],"yoast_head":"<!-- This site is optimized with the Yoast SEO plugin v27.4 - https:\/\/yoast.com\/product\/yoast-seo-wordpress\/ -->\n<title>Cours - Sitar &amp; Surbahar<\/title>\n<meta name=\"robots\" content=\"index, follow, max-snippet:-1, max-image-preview:large, max-video-preview:-1\" \/>\n<link rel=\"canonical\" href=\"https:\/\/thomasjsitar.com\/index.php\/cours\/\" \/>\n<meta property=\"og:locale\" content=\"fr_FR\" \/>\n<meta property=\"og:type\" content=\"article\" \/>\n<meta property=\"og:title\" content=\"Cours - Sitar &amp; Surbahar\" \/>\n<meta property=\"og:url\" content=\"https:\/\/thomasjsitar.com\/index.php\/cours\/\" \/>\n<meta property=\"og:site_name\" content=\"Sitar &amp; Surbahar\" \/>\n<meta property=\"article:modified_time\" content=\"2020-02-12T14:47:34+00:00\" \/>\n<meta property=\"og:image\" content=\"http:\/\/thomasjsitar.com\/wp-content\/uploads\/2020\/02\/Sitar_art-1024x610.jpg\" \/>\n<meta name=\"twitter:card\" content=\"summary_large_image\" \/>\n<script type=\"application\/ld+json\" class=\"yoast-schema-graph\">{\"@context\":\"https:\\\/\\\/schema.org\",\"@graph\":[{\"@type\":\"WebPage\",\"@id\":\"https:\\\/\\\/thomasjsitar.com\\\/index.php\\\/cours\\\/\",\"url\":\"https:\\\/\\\/thomasjsitar.com\\\/index.php\\\/cours\\\/\",\"name\":\"Cours - Sitar &amp; Surbahar\",\"isPartOf\":{\"@id\":\"http:\\\/\\\/thomasjsitar.com\\\/#website\"},\"primaryImageOfPage\":{\"@id\":\"https:\\\/\\\/thomasjsitar.com\\\/index.php\\\/cours\\\/#primaryimage\"},\"image\":{\"@id\":\"https:\\\/\\\/thomasjsitar.com\\\/index.php\\\/cours\\\/#primaryimage\"},\"thumbnailUrl\":\"http:\\\/\\\/thomasjsitar.com\\\/wp-content\\\/uploads\\\/2020\\\/02\\\/Sitar_art-1024x610.jpg\",\"datePublished\":\"2020-01-31T15:48:52+00:00\",\"dateModified\":\"2020-02-12T14:47:34+00:00\",\"breadcrumb\":{\"@id\":\"https:\\\/\\\/thomasjsitar.com\\\/index.php\\\/cours\\\/#breadcrumb\"},\"inLanguage\":\"fr-FR\",\"potentialAction\":[{\"@type\":\"ReadAction\",\"target\":[\"https:\\\/\\\/thomasjsitar.com\\\/index.php\\\/cours\\\/\"]}]},{\"@type\":\"ImageObject\",\"inLanguage\":\"fr-FR\",\"@id\":\"https:\\\/\\\/thomasjsitar.com\\\/index.php\\\/cours\\\/#primaryimage\",\"url\":\"https:\\\/\\\/thomasjsitar.com\\\/wp-content\\\/uploads\\\/2020\\\/02\\\/Sitar_art.jpg\",\"contentUrl\":\"https:\\\/\\\/thomasjsitar.com\\\/wp-content\\\/uploads\\\/2020\\\/02\\\/Sitar_art.jpg\",\"width\":1200,\"height\":715},{\"@type\":\"BreadcrumbList\",\"@id\":\"https:\\\/\\\/thomasjsitar.com\\\/index.php\\\/cours\\\/#breadcrumb\",\"itemListElement\":[{\"@type\":\"ListItem\",\"position\":1,\"name\":\"Accueil\",\"item\":\"https:\\\/\\\/thomasjsitar.com\\\/\"},{\"@type\":\"ListItem\",\"position\":2,\"name\":\"Cours\"}]},{\"@type\":\"WebSite\",\"@id\":\"http:\\\/\\\/thomasjsitar.com\\\/#website\",\"url\":\"http:\\\/\\\/thomasjsitar.com\\\/\",\"name\":\"Sitar Surbahar\",\"description\":\"Thomas Jacquot\",\"publisher\":{\"@id\":\"http:\\\/\\\/thomasjsitar.com\\\/#\\\/schema\\\/person\\\/b001868e6a2d2514f4a472c6ef84cd9a\"},\"potentialAction\":[{\"@type\":\"SearchAction\",\"target\":{\"@type\":\"EntryPoint\",\"urlTemplate\":\"http:\\\/\\\/thomasjsitar.com\\\/?s={search_term_string}\"},\"query-input\":{\"@type\":\"PropertyValueSpecification\",\"valueRequired\":true,\"valueName\":\"search_term_string\"}}],\"inLanguage\":\"fr-FR\"},{\"@type\":[\"Person\",\"Organization\"],\"@id\":\"http:\\\/\\\/thomasjsitar.com\\\/#\\\/schema\\\/person\\\/b001868e6a2d2514f4a472c6ef84cd9a\",\"name\":\"admin7321\",\"image\":{\"@type\":\"ImageObject\",\"inLanguage\":\"fr-FR\",\"@id\":\"https:\\\/\\\/secure.gravatar.com\\\/avatar\\\/55ef0f2a7e9bc03bfae531db702fcfa8c13b1ba8e456038e29e6cae7b160b151?s=96&d=mm&r=g\",\"url\":\"https:\\\/\\\/secure.gravatar.com\\\/avatar\\\/55ef0f2a7e9bc03bfae531db702fcfa8c13b1ba8e456038e29e6cae7b160b151?s=96&d=mm&r=g\",\"contentUrl\":\"https:\\\/\\\/secure.gravatar.com\\\/avatar\\\/55ef0f2a7e9bc03bfae531db702fcfa8c13b1ba8e456038e29e6cae7b160b151?s=96&d=mm&r=g\",\"caption\":\"admin7321\"},\"logo\":{\"@id\":\"https:\\\/\\\/secure.gravatar.com\\\/avatar\\\/55ef0f2a7e9bc03bfae531db702fcfa8c13b1ba8e456038e29e6cae7b160b151?s=96&d=mm&r=g\"}}]}<\/script>\n<!-- \/ Yoast SEO plugin. -->","yoast_head_json":{"title":"Cours - Sitar &amp; Surbahar","robots":{"index":"index","follow":"follow","max-snippet":"max-snippet:-1","max-image-preview":"max-image-preview:large","max-video-preview":"max-video-preview:-1"},"canonical":"https:\/\/thomasjsitar.com\/index.php\/cours\/","og_locale":"fr_FR","og_type":"article","og_title":"Cours - Sitar &amp; Surbahar","og_url":"https:\/\/thomasjsitar.com\/index.php\/cours\/","og_site_name":"Sitar &amp; Surbahar","article_modified_time":"2020-02-12T14:47:34+00:00","og_image":[{"url":"http:\/\/thomasjsitar.com\/wp-content\/uploads\/2020\/02\/Sitar_art-1024x610.jpg","type":"","width":"","height":""}],"twitter_card":"summary_large_image","schema":{"@context":"https:\/\/schema.org","@graph":[{"@type":"WebPage","@id":"https:\/\/thomasjsitar.com\/index.php\/cours\/","url":"https:\/\/thomasjsitar.com\/index.php\/cours\/","name":"Cours - Sitar &amp; Surbahar","isPartOf":{"@id":"http:\/\/thomasjsitar.com\/#website"},"primaryImageOfPage":{"@id":"https:\/\/thomasjsitar.com\/index.php\/cours\/#primaryimage"},"image":{"@id":"https:\/\/thomasjsitar.com\/index.php\/cours\/#primaryimage"},"thumbnailUrl":"http:\/\/thomasjsitar.com\/wp-content\/uploads\/2020\/02\/Sitar_art-1024x610.jpg","datePublished":"2020-01-31T15:48:52+00:00","dateModified":"2020-02-12T14:47:34+00:00","breadcrumb":{"@id":"https:\/\/thomasjsitar.com\/index.php\/cours\/#breadcrumb"},"inLanguage":"fr-FR","potentialAction":[{"@type":"ReadAction","target":["https:\/\/thomasjsitar.com\/index.php\/cours\/"]}]},{"@type":"ImageObject","inLanguage":"fr-FR","@id":"https:\/\/thomasjsitar.com\/index.php\/cours\/#primaryimage","url":"https:\/\/thomasjsitar.com\/wp-content\/uploads\/2020\/02\/Sitar_art.jpg","contentUrl":"https:\/\/thomasjsitar.com\/wp-content\/uploads\/2020\/02\/Sitar_art.jpg","width":1200,"height":715},{"@type":"BreadcrumbList","@id":"https:\/\/thomasjsitar.com\/index.php\/cours\/#breadcrumb","itemListElement":[{"@type":"ListItem","position":1,"name":"Accueil","item":"https:\/\/thomasjsitar.com\/"},{"@type":"ListItem","position":2,"name":"Cours"}]},{"@type":"WebSite","@id":"http:\/\/thomasjsitar.com\/#website","url":"http:\/\/thomasjsitar.com\/","name":"Sitar Surbahar","description":"Thomas Jacquot","publisher":{"@id":"http:\/\/thomasjsitar.com\/#\/schema\/person\/b001868e6a2d2514f4a472c6ef84cd9a"},"potentialAction":[{"@type":"SearchAction","target":{"@type":"EntryPoint","urlTemplate":"http:\/\/thomasjsitar.com\/?s={search_term_string}"},"query-input":{"@type":"PropertyValueSpecification","valueRequired":true,"valueName":"search_term_string"}}],"inLanguage":"fr-FR"},{"@type":["Person","Organization"],"@id":"http:\/\/thomasjsitar.com\/#\/schema\/person\/b001868e6a2d2514f4a472c6ef84cd9a","name":"admin7321","image":{"@type":"ImageObject","inLanguage":"fr-FR","@id":"https:\/\/secure.gravatar.com\/avatar\/55ef0f2a7e9bc03bfae531db702fcfa8c13b1ba8e456038e29e6cae7b160b151?s=96&d=mm&r=g","url":"https:\/\/secure.gravatar.com\/avatar\/55ef0f2a7e9bc03bfae531db702fcfa8c13b1ba8e456038e29e6cae7b160b151?s=96&d=mm&r=g","contentUrl":"https:\/\/secure.gravatar.com\/avatar\/55ef0f2a7e9bc03bfae531db702fcfa8c13b1ba8e456038e29e6cae7b160b151?s=96&d=mm&r=g","caption":"admin7321"},"logo":{"@id":"https:\/\/secure.gravatar.com\/avatar\/55ef0f2a7e9bc03bfae531db702fcfa8c13b1ba8e456038e29e6cae7b160b151?s=96&d=mm&r=g"}}]}},"_links":{"self":[{"href":"https:\/\/thomasjsitar.com\/index.php\/wp-json\/wp\/v2\/pages\/100","targetHints":{"allow":["GET"]}}],"collection":[{"href":"https:\/\/thomasjsitar.com\/index.php\/wp-json\/wp\/v2\/pages"}],"about":[{"href":"https:\/\/thomasjsitar.com\/index.php\/wp-json\/wp\/v2\/types\/page"}],"author":[{"embeddable":true,"href":"https:\/\/thomasjsitar.com\/index.php\/wp-json\/wp\/v2\/users\/1"}],"replies":[{"embeddable":true,"href":"https:\/\/thomasjsitar.com\/index.php\/wp-json\/wp\/v2\/comments?post=100"}],"version-history":[{"count":5,"href":"https:\/\/thomasjsitar.com\/index.php\/wp-json\/wp\/v2\/pages\/100\/revisions"}],"predecessor-version":[{"id":317,"href":"https:\/\/thomasjsitar.com\/index.php\/wp-json\/wp\/v2\/pages\/100\/revisions\/317"}],"wp:attachment":[{"href":"https:\/\/thomasjsitar.com\/index.php\/wp-json\/wp\/v2\/media?parent=100"}],"curies":[{"name":"wp","href":"https:\/\/api.w.org\/{rel}","templated":true}]}}