{"id":143,"date":"2020-01-31T18:45:39","date_gmt":"2020-01-31T17:45:39","guid":{"rendered":"http:\/\/thomasjsitar.com\/?page_id=143"},"modified":"2023-11-02T13:35:17","modified_gmt":"2023-11-02T12:35:17","slug":"presse","status":"publish","type":"page","link":"https:\/\/thomasjsitar.com\/index.php\/presse\/","title":{"rendered":"Presse"},"content":{"rendered":"<p class=\"fonts-plugin-block \" style=\"font-family: Amiri;font-size: 20px;text-align: center\">Article paru dans \u00ab\u00a0l&rsquo;\u00e9cho de  la presqu&rsquo;\u00eele\u00a0\u00bb <\/p>\n\n\n<div class=\"wp-block-image\"><figure class=\"aligncenter size-medium\"><img loading=\"lazy\" decoding=\"async\" width=\"225\" height=\"300\" src=\"http:\/\/thomasjsitar.com\/wp-content\/uploads\/2020\/02\/20190325_142551-225x300.jpg\" alt=\"\" class=\"wp-image-283\" srcset=\"https:\/\/thomasjsitar.com\/wp-content\/uploads\/2020\/02\/20190325_142551-225x300.jpg 225w, https:\/\/thomasjsitar.com\/wp-content\/uploads\/2020\/02\/20190325_142551-768x1024.jpg 768w, https:\/\/thomasjsitar.com\/wp-content\/uploads\/2020\/02\/20190325_142551-1152x1536.jpg 1152w, https:\/\/thomasjsitar.com\/wp-content\/uploads\/2020\/02\/20190325_142551-1536x2048.jpg 1536w, https:\/\/thomasjsitar.com\/wp-content\/uploads\/2020\/02\/20190325_142551-scaled.jpg 1920w\" sizes=\"auto, (max-width: 225px) 100vw, 225px\" \/><\/figure><\/div>\n\n\n<p class=\"fonts-plugin-block \" style=\"text-align: center\">*<\/p>\n\n<p class=\"fonts-plugin-block \" style=\"font-family: Amiri;font-size: 20px;text-align: center\"> Article paru dans \u00ab\u00a0T\u00e9l\u00e9rama\u00a0\u00bb:<br><br>\u00ab\u00a0Ils sont trois artistes occidentaux, parmi les plus pointus de la musique savante indienne. Ils offrent une rencontre assez inhabituelle: celle du sitar, de l&rsquo;exigeant surbahar (sitar basse), du tabla et de la vichitra veena&#8230;\u00a0\u00bb<\/p>\n\n\n<div class=\"wp-block-image\"><figure class=\"aligncenter size-large is-resized\"><img loading=\"lazy\" decoding=\"async\" src=\"http:\/\/thomasjsitar.com\/wp-content\/uploads\/2023\/11\/article-telerama-page-001-724x1024.jpg\" alt=\"\" class=\"wp-image-437\" width=\"271\" height=\"383\" srcset=\"https:\/\/thomasjsitar.com\/wp-content\/uploads\/2023\/11\/article-telerama-page-001-724x1024.jpg 724w, https:\/\/thomasjsitar.com\/wp-content\/uploads\/2023\/11\/article-telerama-page-001-212x300.jpg 212w, https:\/\/thomasjsitar.com\/wp-content\/uploads\/2023\/11\/article-telerama-page-001-768x1086.jpg 768w, https:\/\/thomasjsitar.com\/wp-content\/uploads\/2023\/11\/article-telerama-page-001-1086x1536.jpg 1086w, https:\/\/thomasjsitar.com\/wp-content\/uploads\/2023\/11\/article-telerama-page-001-1448x2048.jpg 1448w, https:\/\/thomasjsitar.com\/wp-content\/uploads\/2023\/11\/article-telerama-page-001-scaled.jpg 1810w\" sizes=\"auto, (max-width: 271px) 100vw, 271px\" \/><\/figure><\/div>\n\n\n<p class=\"fonts-plugin-block \" style=\"font-family: Amiri;font-size: 20px;text-align: center\">*<br>Article paru dans \u00ab\u00a0La Provence\u00a0\u00bb:<br><br>\u00ab\u00a0Thomas Jacquot, sitariste form\u00e9 en Inde, \u00e0 B\u00e9nares, Calcutta et aux Etats-Unis est un des rares occidentaux reconnu dans le domaine pointu de la musique savante indienne\u00a0\u00bb<br><\/p>\n\n\n<div class=\"wp-block-image\"><figure class=\"aligncenter size-large is-resized\"><img loading=\"lazy\" decoding=\"async\" src=\"http:\/\/thomasjsitar.com\/wp-content\/uploads\/2023\/11\/356859524_6494662030633086_5247158913857164577_n-1-670x1024.jpg\" alt=\"\" class=\"wp-image-447\" width=\"307\" height=\"469\" srcset=\"https:\/\/thomasjsitar.com\/wp-content\/uploads\/2023\/11\/356859524_6494662030633086_5247158913857164577_n-1-670x1024.jpg 670w, https:\/\/thomasjsitar.com\/wp-content\/uploads\/2023\/11\/356859524_6494662030633086_5247158913857164577_n-1-196x300.jpg 196w, https:\/\/thomasjsitar.com\/wp-content\/uploads\/2023\/11\/356859524_6494662030633086_5247158913857164577_n-1-768x1174.jpg 768w, https:\/\/thomasjsitar.com\/wp-content\/uploads\/2023\/11\/356859524_6494662030633086_5247158913857164577_n-1-1004x1536.jpg 1004w, https:\/\/thomasjsitar.com\/wp-content\/uploads\/2023\/11\/356859524_6494662030633086_5247158913857164577_n-1.jpg 1079w\" sizes=\"auto, (max-width: 307px) 100vw, 307px\" \/><\/figure><\/div>\n\n\n<p class=\"fonts-plugin-block \" style=\"text-align: center\">*<\/p>\n\n<p class=\"fonts-plugin-block \" style=\"font-family: Amiri;font-size: 20px;text-align: center\">Article paru dans le journal indien \u00ab\u00a0Varanasi Jagaran\u00a0\u00bb<\/p>\n\n\n<div class=\"wp-block-image\"><figure class=\"aligncenter size-medium\"><img loading=\"lazy\" decoding=\"async\" width=\"300\" height=\"212\" src=\"http:\/\/thomasjsitar.com\/wp-content\/uploads\/2020\/02\/Scan20001-300x212.jpg\" alt=\"\" class=\"wp-image-286\" srcset=\"https:\/\/thomasjsitar.com\/wp-content\/uploads\/2020\/02\/Scan20001-300x212.jpg 300w, https:\/\/thomasjsitar.com\/wp-content\/uploads\/2020\/02\/Scan20001-1024x724.jpg 1024w, https:\/\/thomasjsitar.com\/wp-content\/uploads\/2020\/02\/Scan20001-768x543.jpg 768w, https:\/\/thomasjsitar.com\/wp-content\/uploads\/2020\/02\/Scan20001-1536x1086.jpg 1536w, https:\/\/thomasjsitar.com\/wp-content\/uploads\/2020\/02\/Scan20001-2048x1448.jpg 2048w\" sizes=\"auto, (max-width: 300px) 100vw, 300px\" \/><\/figure><\/div>\n\n\n<p class=\"fonts-plugin-block \" style=\"font-family: Amiri;font-size: 20px;text-align: center\">*<br>Article paru dans \u00ab\u00a0Ouest France\u00a0\u00bb<\/p>\n\n\n<div class=\"wp-block-image\"><figure class=\"aligncenter size-large is-resized\"><img loading=\"lazy\" decoding=\"async\" src=\"http:\/\/thomasjsitar.com\/wp-content\/uploads\/2021\/01\/16112402561221022756707-1-723x1024.jpg\" alt=\"\" class=\"wp-image-345\" width=\"279\" height=\"395\" srcset=\"https:\/\/thomasjsitar.com\/wp-content\/uploads\/2021\/01\/16112402561221022756707-1-723x1024.jpg 723w, https:\/\/thomasjsitar.com\/wp-content\/uploads\/2021\/01\/16112402561221022756707-1-212x300.jpg 212w, https:\/\/thomasjsitar.com\/wp-content\/uploads\/2021\/01\/16112402561221022756707-1-768x1088.jpg 768w, https:\/\/thomasjsitar.com\/wp-content\/uploads\/2021\/01\/16112402561221022756707-1-1085x1536.jpg 1085w, https:\/\/thomasjsitar.com\/wp-content\/uploads\/2021\/01\/16112402561221022756707-1.jpg 1423w\" sizes=\"auto, (max-width: 279px) 100vw, 279px\" \/><\/figure><\/div>\n\n\n\n<p><\/p>\n","protected":false},"excerpt":{"rendered":"","protected":false},"author":1,"featured_media":0,"parent":0,"menu_order":6,"comment_status":"closed","ping_status":"closed","template":"templates\/full-width.php","meta":{"_exactmetrics_skip_tracking":false,"_exactmetrics_sitenote_active":false,"_exactmetrics_sitenote_note":"","_exactmetrics_sitenote_category":0,"footnotes":""},"class_list":["post-143","page","type-page","status-publish","hentry","entry"],"yoast_head":"<!-- This site is optimized with the Yoast SEO plugin v27.4 - https:\/\/yoast.com\/product\/yoast-seo-wordpress\/ -->\n<title>Presse - Sitar &amp; Surbahar<\/title>\n<meta name=\"robots\" content=\"index, follow, max-snippet:-1, max-image-preview:large, max-video-preview:-1\" \/>\n<link rel=\"canonical\" href=\"https:\/\/thomasjsitar.com\/index.php\/presse\/\" \/>\n<meta property=\"og:locale\" content=\"fr_FR\" \/>\n<meta property=\"og:type\" content=\"article\" \/>\n<meta property=\"og:title\" content=\"Presse - Sitar &amp; Surbahar\" \/>\n<meta property=\"og:url\" content=\"https:\/\/thomasjsitar.com\/index.php\/presse\/\" \/>\n<meta property=\"og:site_name\" content=\"Sitar &amp; Surbahar\" \/>\n<meta property=\"article:modified_time\" content=\"2023-11-02T12:35:17+00:00\" \/>\n<meta property=\"og:image\" content=\"http:\/\/thomasjsitar.com\/wp-content\/uploads\/2020\/02\/20190325_142551-225x300.jpg\" \/>\n<meta name=\"twitter:card\" content=\"summary_large_image\" \/>\n<meta name=\"twitter:label1\" content=\"Dur\u00e9e de lecture estim\u00e9e\" \/>\n\t<meta name=\"twitter:data1\" content=\"1 minute\" \/>\n<script type=\"application\/ld+json\" class=\"yoast-schema-graph\">{\"@context\":\"https:\\\/\\\/schema.org\",\"@graph\":[{\"@type\":\"WebPage\",\"@id\":\"https:\\\/\\\/thomasjsitar.com\\\/index.php\\\/presse\\\/\",\"url\":\"https:\\\/\\\/thomasjsitar.com\\\/index.php\\\/presse\\\/\",\"name\":\"Presse - Sitar &amp; Surbahar\",\"isPartOf\":{\"@id\":\"http:\\\/\\\/thomasjsitar.com\\\/#website\"},\"primaryImageOfPage\":{\"@id\":\"https:\\\/\\\/thomasjsitar.com\\\/index.php\\\/presse\\\/#primaryimage\"},\"image\":{\"@id\":\"https:\\\/\\\/thomasjsitar.com\\\/index.php\\\/presse\\\/#primaryimage\"},\"thumbnailUrl\":\"http:\\\/\\\/thomasjsitar.com\\\/wp-content\\\/uploads\\\/2020\\\/02\\\/20190325_142551-225x300.jpg\",\"datePublished\":\"2020-01-31T17:45:39+00:00\",\"dateModified\":\"2023-11-02T12:35:17+00:00\",\"breadcrumb\":{\"@id\":\"https:\\\/\\\/thomasjsitar.com\\\/index.php\\\/presse\\\/#breadcrumb\"},\"inLanguage\":\"fr-FR\",\"potentialAction\":[{\"@type\":\"ReadAction\",\"target\":[\"https:\\\/\\\/thomasjsitar.com\\\/index.php\\\/presse\\\/\"]}]},{\"@type\":\"ImageObject\",\"inLanguage\":\"fr-FR\",\"@id\":\"https:\\\/\\\/thomasjsitar.com\\\/index.php\\\/presse\\\/#primaryimage\",\"url\":\"http:\\\/\\\/thomasjsitar.com\\\/wp-content\\\/uploads\\\/2020\\\/02\\\/20190325_142551-225x300.jpg\",\"contentUrl\":\"http:\\\/\\\/thomasjsitar.com\\\/wp-content\\\/uploads\\\/2020\\\/02\\\/20190325_142551-225x300.jpg\"},{\"@type\":\"BreadcrumbList\",\"@id\":\"https:\\\/\\\/thomasjsitar.com\\\/index.php\\\/presse\\\/#breadcrumb\",\"itemListElement\":[{\"@type\":\"ListItem\",\"position\":1,\"name\":\"Accueil\",\"item\":\"https:\\\/\\\/thomasjsitar.com\\\/\"},{\"@type\":\"ListItem\",\"position\":2,\"name\":\"Presse\"}]},{\"@type\":\"WebSite\",\"@id\":\"http:\\\/\\\/thomasjsitar.com\\\/#website\",\"url\":\"http:\\\/\\\/thomasjsitar.com\\\/\",\"name\":\"Sitar Surbahar\",\"description\":\"Thomas Jacquot\",\"publisher\":{\"@id\":\"http:\\\/\\\/thomasjsitar.com\\\/#\\\/schema\\\/person\\\/b001868e6a2d2514f4a472c6ef84cd9a\"},\"potentialAction\":[{\"@type\":\"SearchAction\",\"target\":{\"@type\":\"EntryPoint\",\"urlTemplate\":\"http:\\\/\\\/thomasjsitar.com\\\/?s={search_term_string}\"},\"query-input\":{\"@type\":\"PropertyValueSpecification\",\"valueRequired\":true,\"valueName\":\"search_term_string\"}}],\"inLanguage\":\"fr-FR\"},{\"@type\":[\"Person\",\"Organization\"],\"@id\":\"http:\\\/\\\/thomasjsitar.com\\\/#\\\/schema\\\/person\\\/b001868e6a2d2514f4a472c6ef84cd9a\",\"name\":\"admin7321\",\"image\":{\"@type\":\"ImageObject\",\"inLanguage\":\"fr-FR\",\"@id\":\"https:\\\/\\\/secure.gravatar.com\\\/avatar\\\/55ef0f2a7e9bc03bfae531db702fcfa8c13b1ba8e456038e29e6cae7b160b151?s=96&d=mm&r=g\",\"url\":\"https:\\\/\\\/secure.gravatar.com\\\/avatar\\\/55ef0f2a7e9bc03bfae531db702fcfa8c13b1ba8e456038e29e6cae7b160b151?s=96&d=mm&r=g\",\"contentUrl\":\"https:\\\/\\\/secure.gravatar.com\\\/avatar\\\/55ef0f2a7e9bc03bfae531db702fcfa8c13b1ba8e456038e29e6cae7b160b151?s=96&d=mm&r=g\",\"caption\":\"admin7321\"},\"logo\":{\"@id\":\"https:\\\/\\\/secure.gravatar.com\\\/avatar\\\/55ef0f2a7e9bc03bfae531db702fcfa8c13b1ba8e456038e29e6cae7b160b151?s=96&d=mm&r=g\"}}]}<\/script>\n<!-- \/ Yoast SEO plugin. -->","yoast_head_json":{"title":"Presse - Sitar &amp; Surbahar","robots":{"index":"index","follow":"follow","max-snippet":"max-snippet:-1","max-image-preview":"max-image-preview:large","max-video-preview":"max-video-preview:-1"},"canonical":"https:\/\/thomasjsitar.com\/index.php\/presse\/","og_locale":"fr_FR","og_type":"article","og_title":"Presse - Sitar &amp; Surbahar","og_url":"https:\/\/thomasjsitar.com\/index.php\/presse\/","og_site_name":"Sitar &amp; Surbahar","article_modified_time":"2023-11-02T12:35:17+00:00","og_image":[{"url":"http:\/\/thomasjsitar.com\/wp-content\/uploads\/2020\/02\/20190325_142551-225x300.jpg","type":"","width":"","height":""}],"twitter_card":"summary_large_image","twitter_misc":{"Dur\u00e9e de lecture estim\u00e9e":"1 minute"},"schema":{"@context":"https:\/\/schema.org","@graph":[{"@type":"WebPage","@id":"https:\/\/thomasjsitar.com\/index.php\/presse\/","url":"https:\/\/thomasjsitar.com\/index.php\/presse\/","name":"Presse - Sitar &amp; Surbahar","isPartOf":{"@id":"http:\/\/thomasjsitar.com\/#website"},"primaryImageOfPage":{"@id":"https:\/\/thomasjsitar.com\/index.php\/presse\/#primaryimage"},"image":{"@id":"https:\/\/thomasjsitar.com\/index.php\/presse\/#primaryimage"},"thumbnailUrl":"http:\/\/thomasjsitar.com\/wp-content\/uploads\/2020\/02\/20190325_142551-225x300.jpg","datePublished":"2020-01-31T17:45:39+00:00","dateModified":"2023-11-02T12:35:17+00:00","breadcrumb":{"@id":"https:\/\/thomasjsitar.com\/index.php\/presse\/#breadcrumb"},"inLanguage":"fr-FR","potentialAction":[{"@type":"ReadAction","target":["https:\/\/thomasjsitar.com\/index.php\/presse\/"]}]},{"@type":"ImageObject","inLanguage":"fr-FR","@id":"https:\/\/thomasjsitar.com\/index.php\/presse\/#primaryimage","url":"http:\/\/thomasjsitar.com\/wp-content\/uploads\/2020\/02\/20190325_142551-225x300.jpg","contentUrl":"http:\/\/thomasjsitar.com\/wp-content\/uploads\/2020\/02\/20190325_142551-225x300.jpg"},{"@type":"BreadcrumbList","@id":"https:\/\/thomasjsitar.com\/index.php\/presse\/#breadcrumb","itemListElement":[{"@type":"ListItem","position":1,"name":"Accueil","item":"https:\/\/thomasjsitar.com\/"},{"@type":"ListItem","position":2,"name":"Presse"}]},{"@type":"WebSite","@id":"http:\/\/thomasjsitar.com\/#website","url":"http:\/\/thomasjsitar.com\/","name":"Sitar Surbahar","description":"Thomas Jacquot","publisher":{"@id":"http:\/\/thomasjsitar.com\/#\/schema\/person\/b001868e6a2d2514f4a472c6ef84cd9a"},"potentialAction":[{"@type":"SearchAction","target":{"@type":"EntryPoint","urlTemplate":"http:\/\/thomasjsitar.com\/?s={search_term_string}"},"query-input":{"@type":"PropertyValueSpecification","valueRequired":true,"valueName":"search_term_string"}}],"inLanguage":"fr-FR"},{"@type":["Person","Organization"],"@id":"http:\/\/thomasjsitar.com\/#\/schema\/person\/b001868e6a2d2514f4a472c6ef84cd9a","name":"admin7321","image":{"@type":"ImageObject","inLanguage":"fr-FR","@id":"https:\/\/secure.gravatar.com\/avatar\/55ef0f2a7e9bc03bfae531db702fcfa8c13b1ba8e456038e29e6cae7b160b151?s=96&d=mm&r=g","url":"https:\/\/secure.gravatar.com\/avatar\/55ef0f2a7e9bc03bfae531db702fcfa8c13b1ba8e456038e29e6cae7b160b151?s=96&d=mm&r=g","contentUrl":"https:\/\/secure.gravatar.com\/avatar\/55ef0f2a7e9bc03bfae531db702fcfa8c13b1ba8e456038e29e6cae7b160b151?s=96&d=mm&r=g","caption":"admin7321"},"logo":{"@id":"https:\/\/secure.gravatar.com\/avatar\/55ef0f2a7e9bc03bfae531db702fcfa8c13b1ba8e456038e29e6cae7b160b151?s=96&d=mm&r=g"}}]}},"_links":{"self":[{"href":"https:\/\/thomasjsitar.com\/index.php\/wp-json\/wp\/v2\/pages\/143","targetHints":{"allow":["GET"]}}],"collection":[{"href":"https:\/\/thomasjsitar.com\/index.php\/wp-json\/wp\/v2\/pages"}],"about":[{"href":"https:\/\/thomasjsitar.com\/index.php\/wp-json\/wp\/v2\/types\/page"}],"author":[{"embeddable":true,"href":"https:\/\/thomasjsitar.com\/index.php\/wp-json\/wp\/v2\/users\/1"}],"replies":[{"embeddable":true,"href":"https:\/\/thomasjsitar.com\/index.php\/wp-json\/wp\/v2\/comments?post=143"}],"version-history":[{"count":22,"href":"https:\/\/thomasjsitar.com\/index.php\/wp-json\/wp\/v2\/pages\/143\/revisions"}],"predecessor-version":[{"id":449,"href":"https:\/\/thomasjsitar.com\/index.php\/wp-json\/wp\/v2\/pages\/143\/revisions\/449"}],"wp:attachment":[{"href":"https:\/\/thomasjsitar.com\/index.php\/wp-json\/wp\/v2\/media?parent=143"}],"curies":[{"name":"wp","href":"https:\/\/api.w.org\/{rel}","templated":true}]}}