{"id":289,"date":"2020-02-04T15:11:29","date_gmt":"2020-02-04T14:11:29","guid":{"rendered":"http:\/\/thomasjsitar.com\/?page_id=289"},"modified":"2024-11-28T08:43:23","modified_gmt":"2024-11-28T07:43:23","slug":"collaborations","status":"publish","type":"page","link":"https:\/\/thomasjsitar.com\/index.php\/collaborations\/","title":{"rendered":"Projets\/ Rencontres musicales et artistiques"},"content":{"rendered":"<p class=\"fonts-plugin-block \" style=\"font-family: Kaushan Script;font-size: 35px;line-height: 1.3;text-align: center\">Taalkimia<br>Trance World Music<\/p>\n\n\n<figure class=\"wp-block-image size-large\"><img loading=\"lazy\" decoding=\"async\" width=\"1024\" height=\"450\" src=\"http:\/\/thomasjsitar.com\/wp-content\/uploads\/2023\/11\/Taalkimia-photo-Daon-1024x450.jpg\" alt=\"\" class=\"wp-image-406\" srcset=\"https:\/\/thomasjsitar.com\/wp-content\/uploads\/2023\/11\/Taalkimia-photo-Daon-1024x450.jpg 1024w, https:\/\/thomasjsitar.com\/wp-content\/uploads\/2023\/11\/Taalkimia-photo-Daon-300x132.jpg 300w, https:\/\/thomasjsitar.com\/wp-content\/uploads\/2023\/11\/Taalkimia-photo-Daon-768x337.jpg 768w, https:\/\/thomasjsitar.com\/wp-content\/uploads\/2023\/11\/Taalkimia-photo-Daon-1536x674.jpg 1536w, https:\/\/thomasjsitar.com\/wp-content\/uploads\/2023\/11\/Taalkimia-photo-Daon-2048x899.jpg 2048w\" sizes=\"auto, (max-width: 1024px) 100vw, 1024px\" \/><\/figure>\n\n\n\n<figure class=\"wp-block-embed is-type-video is-provider-youtube wp-block-embed-youtube video\"><div class=\"wp-block-embed__wrapper\">\n<iframe loading=\"lazy\" title=\"TAALKIMIA - Hafla \/\/ Dox&#039;art festival 2024\" width=\"500\" height=\"281\" src=\"https:\/\/www.youtube.com\/embed\/Rp2-fmuRRIM?feature=oembed\" frameborder=\"0\" allow=\"accelerometer; autoplay; clipboard-write; encrypted-media; gyroscope; picture-in-picture; web-share\" referrerpolicy=\"strict-origin-when-cross-origin\" allowfullscreen><\/iframe>\n<\/div><\/figure>\n\n\n\n<figure class=\"wp-block-video video\"><video height=\"720\" style=\"aspect-ratio: 1280 \/ 720;\" width=\"1280\" controls loop src=\"http:\/\/thomasjsitar.com\/wp-content\/uploads\/2023\/11\/Taalkimia-Trance-World-music.mp4\"><\/video><\/figure>\n\n\n<p class=\"fonts-plugin-block \" style=\"font-family: Amiri;font-size: 20px;text-align: center\">N\u00e9 en 2023, autour de 4 musiciens aux univers diff\u00e9rents, Taalkimia est une sorte d&rsquo;alchimie sonore o\u00f9 fusionnent la musique traditionnelle indienne, orientale, tribale avec la trance et la techno ! <br>Thomas J. (sitar) illumine de m\u00e9lodies envo\u00fbtantes les rythmiques tribales et \u00e9lectroniques de Raf Raavni (machines, claviers, didgeridoo). Les percussionnistes Yohan Nouville (Tablas et Cajonico) et Naim Ben Abdallah (derbouka, djembe, bongos&#8230;) donnent la couleur et l&rsquo;\u00e9motion \u00e0 cette musique, proche de la transe tribale. <br>Sans fronti\u00e8res, ce m\u00e9lange s&rsquo;inspire des musiques traditionnelles tout en utilisant la puissance des musiques \u00e9lectroniques.<br>Un show plein de bonnes vibrations, au tempo soutenu qui vous fera voyager et danser !<br><br>*<\/p>\n\n<p class=\"fonts-plugin-block \" style=\"font-family: Kaushan Script;font-size: 25px;text-align: center\">Conte et musique baroque<\/p>\n\n\n<figure class=\"wp-block-video video\"><video height=\"720\" style=\"aspect-ratio: 1280 \/ 720;\" width=\"1280\" controls loop src=\"http:\/\/thomasjsitar.com\/wp-content\/uploads\/2023\/11\/La-Nuit-de-LInde.mp4\"><\/video><\/figure>\n\n\n<p class=\"fonts-plugin-block \" style=\"font-family: Amiri;font-size: 20px;text-align: left\">La musique est une voie spirituelle depuis la nuit des temps. Elle traverse corps et \u00e2mes de vibrations puissantes menant de la contemplation \u00e0 l\u2019exaltation.<br>Dans cette cr\u00e9ation unique, vous allez voyager entre textes et musiques dans la culture indienne avec Thomas Jacquot, sitariste, form\u00e9 \u00e0 B\u00e9nar\u00e8s et Calcutta aupr\u00e8s du l\u00e9gendaire Ustad Imrat Khan, accompagn\u00e9 des improvisations de la pianiste Alexandra Lescure. Cette plong\u00e9e initiatique sera cont\u00e9e par le po\u00e8te Yanowski, couronn\u00e9 des enseignements philosophiques multimill\u00e9naires du yoga, incarn\u00e9s ici par Christian Tikhomiroff. <br>Un concert exp\u00e9rimental entre Orient et Occident, o\u00f9 \u00e9veil des sens et spiritualit\u00e9 r\u00e9sonneront sous la voute \u00e9toil\u00e9e du Th\u00e9\u00e2tre de Verdure.<\/p>\n\n\n<p><strong>Thomas Jacquot<\/strong>&nbsp;&#8211; sitar indien et surbahar<br><strong>Alexandra Lescure<\/strong>&nbsp;&#8211; piano<br><strong>Yanowski<\/strong>&nbsp;&#8211; conteur<br><strong>Christian Tikhomiroff<\/strong>&nbsp;&#8211; enseignements spirituels<\/p>\n\n\n<p class=\"fonts-plugin-block \" style=\"font-family: Amiri;font-size: 25px;text-align: center\"><strong>*<\/strong><\/p>\n\n<p class=\"fonts-plugin-block \" style=\"font-family: Kaushan Script;font-size: 25px;text-align: center\">Colunia<\/p>\n\n\n<figure class=\"wp-block-image size-large\"><img loading=\"lazy\" decoding=\"async\" width=\"960\" height=\"640\" src=\"http:\/\/thomasjsitar.com\/wp-content\/uploads\/2020\/02\/67411410_354753132103646_5689806260937949184_o-2.jpg\" alt=\"\" class=\"wp-image-247\" srcset=\"https:\/\/thomasjsitar.com\/wp-content\/uploads\/2020\/02\/67411410_354753132103646_5689806260937949184_o-2.jpg 960w, https:\/\/thomasjsitar.com\/wp-content\/uploads\/2020\/02\/67411410_354753132103646_5689806260937949184_o-2-300x200.jpg 300w, https:\/\/thomasjsitar.com\/wp-content\/uploads\/2020\/02\/67411410_354753132103646_5689806260937949184_o-2-768x512.jpg 768w\" sizes=\"auto, (max-width: 960px) 100vw, 960px\" \/><\/figure>\n\n\n<p class=\"fonts-plugin-block \" style=\"font-family: Amiri;font-size: 20px\">Tourn\u00e9e au sein du groupe de Jazz <a href=\"https:\/\/colunia.wixsite.com\/music\" target=\"_blank\" rel=\"noreferrer noopener\">Colunia<\/a> (Pannonica et Cap Nord \u00e0 Nantes, salle Athanor de Gu\u00e9rande, Les Heures d\u2019Et\u00e9 \u00e0 Nantes) en 2019<br><br>Enregistrement sur l&rsquo;album \u00ab\u00a0Z\u00e9phir\u00a0\u00bb du titre \u00ab\u00a0Back to Bali\u00a0\u00bb<br>  <\/p>\n\n\n<figure class=\"wp-block-embed is-type-video is-provider-youtube wp-block-embed-youtube video\"><div class=\"wp-block-embed__wrapper\">\n<iframe loading=\"lazy\" title=\"Back to Bali (feat. Thomas Jacquot)\" width=\"500\" height=\"375\" src=\"https:\/\/www.youtube.com\/embed\/Xz82wryNXz4?feature=oembed\" frameborder=\"0\" allow=\"accelerometer; autoplay; clipboard-write; encrypted-media; gyroscope; picture-in-picture; web-share\" referrerpolicy=\"strict-origin-when-cross-origin\" allowfullscreen><\/iframe>\n<\/div><\/figure>\n\n\n\n<figure class=\"wp-block-video aligncenter bigvideo\"><video height=\"400\" style=\"aspect-ratio: 224 \/ 400;\" width=\"224\" controls src=\"http:\/\/thomasjsitar.com\/wp-content\/uploads\/2020\/09\/Heures-d\u00e9t\u00e9-1-08-19.mp4\"><\/video><figcaption class=\"wp-element-caption\">Heures d&rsquo;\u00e9t\u00e9, Cours Saint-Pierre, Nantes 1 ao\u00fbt 2020<\/figcaption><\/figure>\n\n\n<p class=\"fonts-plugin-block textUnderVideo\" style=\"font-family: Amiri;font-size: 25px;text-align: center\"><strong>*<\/strong><\/p>\n\n\n<div class=\"wp-block-group\"><div class=\"wp-block-group__inner-container is-layout-flow wp-block-group-is-layout-flow\">\n<p class=\"has-text-align-center\" style=\"font-size:25px\">Raavni<\/p>\n<\/div><\/div>\n\n\n\n<figure class=\"wp-block-embed is-type-video is-provider-youtube wp-block-embed-youtube video\"><div class=\"wp-block-embed__wrapper\">\n<iframe loading=\"lazy\" title=\"RAAVNI &amp; Thomas Jacquot - Raga Sun (clip officiel)\" width=\"500\" height=\"281\" src=\"https:\/\/www.youtube.com\/embed\/m_WIRMXZQJk?feature=oembed\" frameborder=\"0\" allow=\"accelerometer; autoplay; clipboard-write; encrypted-media; gyroscope; picture-in-picture; web-share\" referrerpolicy=\"strict-origin-when-cross-origin\" allowfullscreen><\/iframe>\n<\/div><\/figure>\n","protected":false},"excerpt":{"rendered":"<p>Thomas Jacquot&nbsp;&#8211; sitar indien et surbaharAlexandra Lescure&nbsp;&#8211; pianoYanowski&nbsp;&#8211; conteurChristian Tikhomiroff&nbsp;&#8211; enseignements spirituels Raavni<\/p>\n","protected":false},"author":1,"featured_media":0,"parent":0,"menu_order":2,"comment_status":"closed","ping_status":"closed","template":"templates\/full-width.php","meta":{"_exactmetrics_skip_tracking":false,"_exactmetrics_sitenote_active":false,"_exactmetrics_sitenote_note":"","_exactmetrics_sitenote_category":0,"footnotes":""},"class_list":["post-289","page","type-page","status-publish","hentry","entry"],"yoast_head":"<!-- This site is optimized with the Yoast SEO plugin v27.4 - https:\/\/yoast.com\/product\/yoast-seo-wordpress\/ -->\n<title>Projets\/ Rencontres musicales et artistiques - Sitar &amp; Surbahar<\/title>\n<meta name=\"robots\" content=\"index, follow, max-snippet:-1, max-image-preview:large, max-video-preview:-1\" \/>\n<link rel=\"canonical\" href=\"https:\/\/thomasjsitar.com\/index.php\/collaborations\/\" \/>\n<meta property=\"og:locale\" content=\"fr_FR\" \/>\n<meta property=\"og:type\" content=\"article\" \/>\n<meta property=\"og:title\" content=\"Projets\/ Rencontres musicales et artistiques - Sitar &amp; Surbahar\" \/>\n<meta property=\"og:url\" content=\"https:\/\/thomasjsitar.com\/index.php\/collaborations\/\" \/>\n<meta property=\"og:site_name\" content=\"Sitar &amp; Surbahar\" \/>\n<meta property=\"article:modified_time\" content=\"2024-11-28T07:43:23+00:00\" \/>\n<meta property=\"og:image\" content=\"https:\/\/thomasjsitar.com\/wp-content\/uploads\/2023\/11\/Taalkimia-photo-Daon-scaled.jpg\" \/>\n\t<meta property=\"og:image:width\" content=\"2560\" \/>\n\t<meta property=\"og:image:height\" content=\"1124\" \/>\n\t<meta property=\"og:image:type\" content=\"image\/jpeg\" \/>\n<meta name=\"twitter:card\" content=\"summary_large_image\" \/>\n<meta name=\"twitter:label1\" content=\"Dur\u00e9e de lecture estim\u00e9e\" \/>\n\t<meta name=\"twitter:data1\" content=\"1 minute\" \/>\n<script type=\"application\/ld+json\" class=\"yoast-schema-graph\">{\"@context\":\"https:\\\/\\\/schema.org\",\"@graph\":[{\"@type\":\"WebPage\",\"@id\":\"https:\\\/\\\/thomasjsitar.com\\\/index.php\\\/collaborations\\\/\",\"url\":\"https:\\\/\\\/thomasjsitar.com\\\/index.php\\\/collaborations\\\/\",\"name\":\"Projets\\\/ Rencontres musicales et artistiques - Sitar &amp; Surbahar\",\"isPartOf\":{\"@id\":\"http:\\\/\\\/thomasjsitar.com\\\/#website\"},\"primaryImageOfPage\":{\"@id\":\"https:\\\/\\\/thomasjsitar.com\\\/index.php\\\/collaborations\\\/#primaryimage\"},\"image\":{\"@id\":\"https:\\\/\\\/thomasjsitar.com\\\/index.php\\\/collaborations\\\/#primaryimage\"},\"thumbnailUrl\":\"http:\\\/\\\/thomasjsitar.com\\\/wp-content\\\/uploads\\\/2023\\\/11\\\/Taalkimia-photo-Daon-1024x450.jpg\",\"datePublished\":\"2020-02-04T14:11:29+00:00\",\"dateModified\":\"2024-11-28T07:43:23+00:00\",\"breadcrumb\":{\"@id\":\"https:\\\/\\\/thomasjsitar.com\\\/index.php\\\/collaborations\\\/#breadcrumb\"},\"inLanguage\":\"fr-FR\",\"potentialAction\":[{\"@type\":\"ReadAction\",\"target\":[\"https:\\\/\\\/thomasjsitar.com\\\/index.php\\\/collaborations\\\/\"]}]},{\"@type\":\"ImageObject\",\"inLanguage\":\"fr-FR\",\"@id\":\"https:\\\/\\\/thomasjsitar.com\\\/index.php\\\/collaborations\\\/#primaryimage\",\"url\":\"https:\\\/\\\/thomasjsitar.com\\\/wp-content\\\/uploads\\\/2023\\\/11\\\/Taalkimia-photo-Daon-scaled.jpg\",\"contentUrl\":\"https:\\\/\\\/thomasjsitar.com\\\/wp-content\\\/uploads\\\/2023\\\/11\\\/Taalkimia-photo-Daon-scaled.jpg\",\"width\":2560,\"height\":1124},{\"@type\":\"BreadcrumbList\",\"@id\":\"https:\\\/\\\/thomasjsitar.com\\\/index.php\\\/collaborations\\\/#breadcrumb\",\"itemListElement\":[{\"@type\":\"ListItem\",\"position\":1,\"name\":\"Accueil\",\"item\":\"https:\\\/\\\/thomasjsitar.com\\\/\"},{\"@type\":\"ListItem\",\"position\":2,\"name\":\"Projets\\\/ Rencontres musicales et artistiques\"}]},{\"@type\":\"WebSite\",\"@id\":\"http:\\\/\\\/thomasjsitar.com\\\/#website\",\"url\":\"http:\\\/\\\/thomasjsitar.com\\\/\",\"name\":\"Sitar Surbahar\",\"description\":\"Thomas Jacquot\",\"publisher\":{\"@id\":\"http:\\\/\\\/thomasjsitar.com\\\/#\\\/schema\\\/person\\\/b001868e6a2d2514f4a472c6ef84cd9a\"},\"potentialAction\":[{\"@type\":\"SearchAction\",\"target\":{\"@type\":\"EntryPoint\",\"urlTemplate\":\"http:\\\/\\\/thomasjsitar.com\\\/?s={search_term_string}\"},\"query-input\":{\"@type\":\"PropertyValueSpecification\",\"valueRequired\":true,\"valueName\":\"search_term_string\"}}],\"inLanguage\":\"fr-FR\"},{\"@type\":[\"Person\",\"Organization\"],\"@id\":\"http:\\\/\\\/thomasjsitar.com\\\/#\\\/schema\\\/person\\\/b001868e6a2d2514f4a472c6ef84cd9a\",\"name\":\"admin7321\",\"image\":{\"@type\":\"ImageObject\",\"inLanguage\":\"fr-FR\",\"@id\":\"https:\\\/\\\/secure.gravatar.com\\\/avatar\\\/55ef0f2a7e9bc03bfae531db702fcfa8c13b1ba8e456038e29e6cae7b160b151?s=96&d=mm&r=g\",\"url\":\"https:\\\/\\\/secure.gravatar.com\\\/avatar\\\/55ef0f2a7e9bc03bfae531db702fcfa8c13b1ba8e456038e29e6cae7b160b151?s=96&d=mm&r=g\",\"contentUrl\":\"https:\\\/\\\/secure.gravatar.com\\\/avatar\\\/55ef0f2a7e9bc03bfae531db702fcfa8c13b1ba8e456038e29e6cae7b160b151?s=96&d=mm&r=g\",\"caption\":\"admin7321\"},\"logo\":{\"@id\":\"https:\\\/\\\/secure.gravatar.com\\\/avatar\\\/55ef0f2a7e9bc03bfae531db702fcfa8c13b1ba8e456038e29e6cae7b160b151?s=96&d=mm&r=g\"}}]}<\/script>\n<!-- \/ Yoast SEO plugin. -->","yoast_head_json":{"title":"Projets\/ Rencontres musicales et artistiques - Sitar &amp; Surbahar","robots":{"index":"index","follow":"follow","max-snippet":"max-snippet:-1","max-image-preview":"max-image-preview:large","max-video-preview":"max-video-preview:-1"},"canonical":"https:\/\/thomasjsitar.com\/index.php\/collaborations\/","og_locale":"fr_FR","og_type":"article","og_title":"Projets\/ Rencontres musicales et artistiques - Sitar &amp; Surbahar","og_url":"https:\/\/thomasjsitar.com\/index.php\/collaborations\/","og_site_name":"Sitar &amp; Surbahar","article_modified_time":"2024-11-28T07:43:23+00:00","og_image":[{"width":2560,"height":1124,"url":"https:\/\/thomasjsitar.com\/wp-content\/uploads\/2023\/11\/Taalkimia-photo-Daon-scaled.jpg","type":"image\/jpeg"}],"twitter_card":"summary_large_image","twitter_misc":{"Dur\u00e9e de lecture estim\u00e9e":"1 minute"},"schema":{"@context":"https:\/\/schema.org","@graph":[{"@type":"WebPage","@id":"https:\/\/thomasjsitar.com\/index.php\/collaborations\/","url":"https:\/\/thomasjsitar.com\/index.php\/collaborations\/","name":"Projets\/ Rencontres musicales et artistiques - Sitar &amp; Surbahar","isPartOf":{"@id":"http:\/\/thomasjsitar.com\/#website"},"primaryImageOfPage":{"@id":"https:\/\/thomasjsitar.com\/index.php\/collaborations\/#primaryimage"},"image":{"@id":"https:\/\/thomasjsitar.com\/index.php\/collaborations\/#primaryimage"},"thumbnailUrl":"http:\/\/thomasjsitar.com\/wp-content\/uploads\/2023\/11\/Taalkimia-photo-Daon-1024x450.jpg","datePublished":"2020-02-04T14:11:29+00:00","dateModified":"2024-11-28T07:43:23+00:00","breadcrumb":{"@id":"https:\/\/thomasjsitar.com\/index.php\/collaborations\/#breadcrumb"},"inLanguage":"fr-FR","potentialAction":[{"@type":"ReadAction","target":["https:\/\/thomasjsitar.com\/index.php\/collaborations\/"]}]},{"@type":"ImageObject","inLanguage":"fr-FR","@id":"https:\/\/thomasjsitar.com\/index.php\/collaborations\/#primaryimage","url":"https:\/\/thomasjsitar.com\/wp-content\/uploads\/2023\/11\/Taalkimia-photo-Daon-scaled.jpg","contentUrl":"https:\/\/thomasjsitar.com\/wp-content\/uploads\/2023\/11\/Taalkimia-photo-Daon-scaled.jpg","width":2560,"height":1124},{"@type":"BreadcrumbList","@id":"https:\/\/thomasjsitar.com\/index.php\/collaborations\/#breadcrumb","itemListElement":[{"@type":"ListItem","position":1,"name":"Accueil","item":"https:\/\/thomasjsitar.com\/"},{"@type":"ListItem","position":2,"name":"Projets\/ Rencontres musicales et artistiques"}]},{"@type":"WebSite","@id":"http:\/\/thomasjsitar.com\/#website","url":"http:\/\/thomasjsitar.com\/","name":"Sitar Surbahar","description":"Thomas Jacquot","publisher":{"@id":"http:\/\/thomasjsitar.com\/#\/schema\/person\/b001868e6a2d2514f4a472c6ef84cd9a"},"potentialAction":[{"@type":"SearchAction","target":{"@type":"EntryPoint","urlTemplate":"http:\/\/thomasjsitar.com\/?s={search_term_string}"},"query-input":{"@type":"PropertyValueSpecification","valueRequired":true,"valueName":"search_term_string"}}],"inLanguage":"fr-FR"},{"@type":["Person","Organization"],"@id":"http:\/\/thomasjsitar.com\/#\/schema\/person\/b001868e6a2d2514f4a472c6ef84cd9a","name":"admin7321","image":{"@type":"ImageObject","inLanguage":"fr-FR","@id":"https:\/\/secure.gravatar.com\/avatar\/55ef0f2a7e9bc03bfae531db702fcfa8c13b1ba8e456038e29e6cae7b160b151?s=96&d=mm&r=g","url":"https:\/\/secure.gravatar.com\/avatar\/55ef0f2a7e9bc03bfae531db702fcfa8c13b1ba8e456038e29e6cae7b160b151?s=96&d=mm&r=g","contentUrl":"https:\/\/secure.gravatar.com\/avatar\/55ef0f2a7e9bc03bfae531db702fcfa8c13b1ba8e456038e29e6cae7b160b151?s=96&d=mm&r=g","caption":"admin7321"},"logo":{"@id":"https:\/\/secure.gravatar.com\/avatar\/55ef0f2a7e9bc03bfae531db702fcfa8c13b1ba8e456038e29e6cae7b160b151?s=96&d=mm&r=g"}}]}},"_links":{"self":[{"href":"https:\/\/thomasjsitar.com\/index.php\/wp-json\/wp\/v2\/pages\/289","targetHints":{"allow":["GET"]}}],"collection":[{"href":"https:\/\/thomasjsitar.com\/index.php\/wp-json\/wp\/v2\/pages"}],"about":[{"href":"https:\/\/thomasjsitar.com\/index.php\/wp-json\/wp\/v2\/types\/page"}],"author":[{"embeddable":true,"href":"https:\/\/thomasjsitar.com\/index.php\/wp-json\/wp\/v2\/users\/1"}],"replies":[{"embeddable":true,"href":"https:\/\/thomasjsitar.com\/index.php\/wp-json\/wp\/v2\/comments?post=289"}],"version-history":[{"count":25,"href":"https:\/\/thomasjsitar.com\/index.php\/wp-json\/wp\/v2\/pages\/289\/revisions"}],"predecessor-version":[{"id":544,"href":"https:\/\/thomasjsitar.com\/index.php\/wp-json\/wp\/v2\/pages\/289\/revisions\/544"}],"wp:attachment":[{"href":"https:\/\/thomasjsitar.com\/index.php\/wp-json\/wp\/v2\/media?parent=289"}],"curies":[{"name":"wp","href":"https:\/\/api.w.org\/{rel}","templated":true}]}}