{"id":39,"date":"2019-03-06T15:44:10","date_gmt":"2019-03-06T14:44:10","guid":{"rendered":"http:\/\/thomasjsitar.com\/?page_id=39"},"modified":"2023-11-02T13:36:31","modified_gmt":"2023-11-02T12:36:31","slug":"contact","status":"publish","type":"page","link":"https:\/\/thomasjsitar.com\/index.php\/contact\/","title":{"rendered":"Contact\/Booking"},"content":{"rendered":"<p class=\"fonts-plugin-block \"><\/p>\n\n<p class=\"fonts-plugin-block \" style=\"font-family: Amiri;font-size: 20px\">contact@thomasjsitar.com<br><br>Saint-Lyphard, Mesquer, Loire Atlantique, France<br><br>(0033) 06 03 53 20 99<br><br><\/p>","protected":false},"excerpt":{"rendered":"","protected":false},"author":1,"featured_media":74,"parent":0,"menu_order":7,"comment_status":"closed","ping_status":"closed","template":"templates\/full-width.php","meta":{"_exactmetrics_skip_tracking":false,"_exactmetrics_sitenote_active":false,"_exactmetrics_sitenote_note":"","_exactmetrics_sitenote_category":0,"footnotes":""},"class_list":["post-39","page","type-page","status-publish","has-post-thumbnail","hentry","entry"],"yoast_head":"<!-- This site is optimized with the Yoast SEO plugin v27.4 - https:\/\/yoast.com\/product\/yoast-seo-wordpress\/ -->\n<title>Contact\/Booking - Sitar &amp; Surbahar<\/title>\n<meta name=\"description\" content=\"Disciple d&#039;Ustad Imrat Khan, Thomas Jacquot a \u00e9tudi\u00e9 le sitar de nombreuses ann\u00e9es en Inde et aux Etats-Unis. Il donne concerts et enseigne dans le 44.\" \/>\n<meta name=\"robots\" content=\"index, follow, max-snippet:-1, max-image-preview:large, max-video-preview:-1\" \/>\n<link rel=\"canonical\" href=\"https:\/\/thomasjsitar.com\/index.php\/contact\/\" \/>\n<meta property=\"og:locale\" content=\"fr_FR\" \/>\n<meta property=\"og:type\" content=\"article\" \/>\n<meta property=\"og:title\" content=\"Contact\/Booking - Sitar &amp; Surbahar\" \/>\n<meta property=\"og:url\" content=\"https:\/\/thomasjsitar.com\/index.php\/contact\/\" \/>\n<meta property=\"og:site_name\" content=\"Sitar &amp; Surbahar\" \/>\n<meta property=\"article:modified_time\" content=\"2023-11-02T12:36:31+00:00\" \/>\n<meta property=\"og:image\" content=\"https:\/\/thomasjsitar.com\/wp-content\/uploads\/2019\/03\/Thomas-Surbahar-Cerisiers.jpg\" \/>\n\t<meta property=\"og:image:width\" content=\"960\" \/>\n\t<meta property=\"og:image:height\" content=\"720\" \/>\n\t<meta property=\"og:image:type\" content=\"image\/jpeg\" \/>\n<meta name=\"twitter:card\" content=\"summary_large_image\" \/>\n<script type=\"application\/ld+json\" class=\"yoast-schema-graph\">{\"@context\":\"https:\\\/\\\/schema.org\",\"@graph\":[{\"@type\":\"WebPage\",\"@id\":\"https:\\\/\\\/thomasjsitar.com\\\/index.php\\\/contact\\\/\",\"url\":\"https:\\\/\\\/thomasjsitar.com\\\/index.php\\\/contact\\\/\",\"name\":\"Contact\\\/Booking - Sitar &amp; Surbahar\",\"isPartOf\":{\"@id\":\"http:\\\/\\\/thomasjsitar.com\\\/#website\"},\"primaryImageOfPage\":{\"@id\":\"https:\\\/\\\/thomasjsitar.com\\\/index.php\\\/contact\\\/#primaryimage\"},\"image\":{\"@id\":\"https:\\\/\\\/thomasjsitar.com\\\/index.php\\\/contact\\\/#primaryimage\"},\"thumbnailUrl\":\"https:\\\/\\\/thomasjsitar.com\\\/wp-content\\\/uploads\\\/2019\\\/03\\\/Thomas-Surbahar-Cerisiers.jpg\",\"datePublished\":\"2019-03-06T14:44:10+00:00\",\"dateModified\":\"2023-11-02T12:36:31+00:00\",\"description\":\"Disciple d'Ustad Imrat Khan, Thomas Jacquot a \u00e9tudi\u00e9 le sitar de nombreuses ann\u00e9es en Inde et aux Etats-Unis. Il donne concerts et enseigne dans le 44.\",\"breadcrumb\":{\"@id\":\"https:\\\/\\\/thomasjsitar.com\\\/index.php\\\/contact\\\/#breadcrumb\"},\"inLanguage\":\"fr-FR\",\"potentialAction\":[{\"@type\":\"ReadAction\",\"target\":[\"https:\\\/\\\/thomasjsitar.com\\\/index.php\\\/contact\\\/\"]}]},{\"@type\":\"ImageObject\",\"inLanguage\":\"fr-FR\",\"@id\":\"https:\\\/\\\/thomasjsitar.com\\\/index.php\\\/contact\\\/#primaryimage\",\"url\":\"https:\\\/\\\/thomasjsitar.com\\\/wp-content\\\/uploads\\\/2019\\\/03\\\/Thomas-Surbahar-Cerisiers.jpg\",\"contentUrl\":\"https:\\\/\\\/thomasjsitar.com\\\/wp-content\\\/uploads\\\/2019\\\/03\\\/Thomas-Surbahar-Cerisiers.jpg\",\"width\":960,\"height\":720},{\"@type\":\"BreadcrumbList\",\"@id\":\"https:\\\/\\\/thomasjsitar.com\\\/index.php\\\/contact\\\/#breadcrumb\",\"itemListElement\":[{\"@type\":\"ListItem\",\"position\":1,\"name\":\"Accueil\",\"item\":\"https:\\\/\\\/thomasjsitar.com\\\/\"},{\"@type\":\"ListItem\",\"position\":2,\"name\":\"Contact\\\/Booking\"}]},{\"@type\":\"WebSite\",\"@id\":\"http:\\\/\\\/thomasjsitar.com\\\/#website\",\"url\":\"http:\\\/\\\/thomasjsitar.com\\\/\",\"name\":\"Sitar Surbahar\",\"description\":\"Thomas Jacquot\",\"publisher\":{\"@id\":\"http:\\\/\\\/thomasjsitar.com\\\/#\\\/schema\\\/person\\\/b001868e6a2d2514f4a472c6ef84cd9a\"},\"potentialAction\":[{\"@type\":\"SearchAction\",\"target\":{\"@type\":\"EntryPoint\",\"urlTemplate\":\"http:\\\/\\\/thomasjsitar.com\\\/?s={search_term_string}\"},\"query-input\":{\"@type\":\"PropertyValueSpecification\",\"valueRequired\":true,\"valueName\":\"search_term_string\"}}],\"inLanguage\":\"fr-FR\"},{\"@type\":[\"Person\",\"Organization\"],\"@id\":\"http:\\\/\\\/thomasjsitar.com\\\/#\\\/schema\\\/person\\\/b001868e6a2d2514f4a472c6ef84cd9a\",\"name\":\"admin7321\",\"image\":{\"@type\":\"ImageObject\",\"inLanguage\":\"fr-FR\",\"@id\":\"https:\\\/\\\/secure.gravatar.com\\\/avatar\\\/55ef0f2a7e9bc03bfae531db702fcfa8c13b1ba8e456038e29e6cae7b160b151?s=96&d=mm&r=g\",\"url\":\"https:\\\/\\\/secure.gravatar.com\\\/avatar\\\/55ef0f2a7e9bc03bfae531db702fcfa8c13b1ba8e456038e29e6cae7b160b151?s=96&d=mm&r=g\",\"contentUrl\":\"https:\\\/\\\/secure.gravatar.com\\\/avatar\\\/55ef0f2a7e9bc03bfae531db702fcfa8c13b1ba8e456038e29e6cae7b160b151?s=96&d=mm&r=g\",\"caption\":\"admin7321\"},\"logo\":{\"@id\":\"https:\\\/\\\/secure.gravatar.com\\\/avatar\\\/55ef0f2a7e9bc03bfae531db702fcfa8c13b1ba8e456038e29e6cae7b160b151?s=96&d=mm&r=g\"}}]}<\/script>\n<!-- \/ Yoast SEO plugin. -->","yoast_head_json":{"title":"Contact\/Booking - Sitar &amp; Surbahar","description":"Disciple d'Ustad Imrat Khan, Thomas Jacquot a \u00e9tudi\u00e9 le sitar de nombreuses ann\u00e9es en Inde et aux Etats-Unis. Il donne concerts et enseigne dans le 44.","robots":{"index":"index","follow":"follow","max-snippet":"max-snippet:-1","max-image-preview":"max-image-preview:large","max-video-preview":"max-video-preview:-1"},"canonical":"https:\/\/thomasjsitar.com\/index.php\/contact\/","og_locale":"fr_FR","og_type":"article","og_title":"Contact\/Booking - Sitar &amp; Surbahar","og_url":"https:\/\/thomasjsitar.com\/index.php\/contact\/","og_site_name":"Sitar &amp; Surbahar","article_modified_time":"2023-11-02T12:36:31+00:00","og_image":[{"width":960,"height":720,"url":"https:\/\/thomasjsitar.com\/wp-content\/uploads\/2019\/03\/Thomas-Surbahar-Cerisiers.jpg","type":"image\/jpeg"}],"twitter_card":"summary_large_image","schema":{"@context":"https:\/\/schema.org","@graph":[{"@type":"WebPage","@id":"https:\/\/thomasjsitar.com\/index.php\/contact\/","url":"https:\/\/thomasjsitar.com\/index.php\/contact\/","name":"Contact\/Booking - Sitar &amp; Surbahar","isPartOf":{"@id":"http:\/\/thomasjsitar.com\/#website"},"primaryImageOfPage":{"@id":"https:\/\/thomasjsitar.com\/index.php\/contact\/#primaryimage"},"image":{"@id":"https:\/\/thomasjsitar.com\/index.php\/contact\/#primaryimage"},"thumbnailUrl":"https:\/\/thomasjsitar.com\/wp-content\/uploads\/2019\/03\/Thomas-Surbahar-Cerisiers.jpg","datePublished":"2019-03-06T14:44:10+00:00","dateModified":"2023-11-02T12:36:31+00:00","description":"Disciple d'Ustad Imrat Khan, Thomas Jacquot a \u00e9tudi\u00e9 le sitar de nombreuses ann\u00e9es en Inde et aux Etats-Unis. Il donne concerts et enseigne dans le 44.","breadcrumb":{"@id":"https:\/\/thomasjsitar.com\/index.php\/contact\/#breadcrumb"},"inLanguage":"fr-FR","potentialAction":[{"@type":"ReadAction","target":["https:\/\/thomasjsitar.com\/index.php\/contact\/"]}]},{"@type":"ImageObject","inLanguage":"fr-FR","@id":"https:\/\/thomasjsitar.com\/index.php\/contact\/#primaryimage","url":"https:\/\/thomasjsitar.com\/wp-content\/uploads\/2019\/03\/Thomas-Surbahar-Cerisiers.jpg","contentUrl":"https:\/\/thomasjsitar.com\/wp-content\/uploads\/2019\/03\/Thomas-Surbahar-Cerisiers.jpg","width":960,"height":720},{"@type":"BreadcrumbList","@id":"https:\/\/thomasjsitar.com\/index.php\/contact\/#breadcrumb","itemListElement":[{"@type":"ListItem","position":1,"name":"Accueil","item":"https:\/\/thomasjsitar.com\/"},{"@type":"ListItem","position":2,"name":"Contact\/Booking"}]},{"@type":"WebSite","@id":"http:\/\/thomasjsitar.com\/#website","url":"http:\/\/thomasjsitar.com\/","name":"Sitar Surbahar","description":"Thomas Jacquot","publisher":{"@id":"http:\/\/thomasjsitar.com\/#\/schema\/person\/b001868e6a2d2514f4a472c6ef84cd9a"},"potentialAction":[{"@type":"SearchAction","target":{"@type":"EntryPoint","urlTemplate":"http:\/\/thomasjsitar.com\/?s={search_term_string}"},"query-input":{"@type":"PropertyValueSpecification","valueRequired":true,"valueName":"search_term_string"}}],"inLanguage":"fr-FR"},{"@type":["Person","Organization"],"@id":"http:\/\/thomasjsitar.com\/#\/schema\/person\/b001868e6a2d2514f4a472c6ef84cd9a","name":"admin7321","image":{"@type":"ImageObject","inLanguage":"fr-FR","@id":"https:\/\/secure.gravatar.com\/avatar\/55ef0f2a7e9bc03bfae531db702fcfa8c13b1ba8e456038e29e6cae7b160b151?s=96&d=mm&r=g","url":"https:\/\/secure.gravatar.com\/avatar\/55ef0f2a7e9bc03bfae531db702fcfa8c13b1ba8e456038e29e6cae7b160b151?s=96&d=mm&r=g","contentUrl":"https:\/\/secure.gravatar.com\/avatar\/55ef0f2a7e9bc03bfae531db702fcfa8c13b1ba8e456038e29e6cae7b160b151?s=96&d=mm&r=g","caption":"admin7321"},"logo":{"@id":"https:\/\/secure.gravatar.com\/avatar\/55ef0f2a7e9bc03bfae531db702fcfa8c13b1ba8e456038e29e6cae7b160b151?s=96&d=mm&r=g"}}]}},"_links":{"self":[{"href":"https:\/\/thomasjsitar.com\/index.php\/wp-json\/wp\/v2\/pages\/39","targetHints":{"allow":["GET"]}}],"collection":[{"href":"https:\/\/thomasjsitar.com\/index.php\/wp-json\/wp\/v2\/pages"}],"about":[{"href":"https:\/\/thomasjsitar.com\/index.php\/wp-json\/wp\/v2\/types\/page"}],"author":[{"embeddable":true,"href":"https:\/\/thomasjsitar.com\/index.php\/wp-json\/wp\/v2\/users\/1"}],"replies":[{"embeddable":true,"href":"https:\/\/thomasjsitar.com\/index.php\/wp-json\/wp\/v2\/comments?post=39"}],"version-history":[{"count":7,"href":"https:\/\/thomasjsitar.com\/index.php\/wp-json\/wp\/v2\/pages\/39\/revisions"}],"predecessor-version":[{"id":450,"href":"https:\/\/thomasjsitar.com\/index.php\/wp-json\/wp\/v2\/pages\/39\/revisions\/450"}],"wp:featuredmedia":[{"embeddable":true,"href":"https:\/\/thomasjsitar.com\/index.php\/wp-json\/wp\/v2\/media\/74"}],"wp:attachment":[{"href":"https:\/\/thomasjsitar.com\/index.php\/wp-json\/wp\/v2\/media?parent=39"}],"curies":[{"name":"wp","href":"https:\/\/api.w.org\/{rel}","templated":true}]}}